{"id":43,"date":"2024-06-16T09:17:00","date_gmt":"2024-06-16T07:17:00","guid":{"rendered":"http:\/\/mxajfmgl.preview.infomaniak.website\/?page_id=43"},"modified":"2025-02-24T23:33:33","modified_gmt":"2025-02-24T22:33:33","slug":"blog","status":"publish","type":"page","link":"https:\/\/audreycsikos.ch\/en\/blog\/","title":{"rendered":"BLOG"},"content":{"rendered":"<p>[et_pb_section fb_built=\u00a0\u00bb1&Prime; _builder_version=\u00a0\u00bb4.27.0&Prime; background_color=\u00a0\u00bbRGBA(255,255,255,0)\u00a0\u00bb border_radii=\u00a0\u00bbon|30px|30px|30px|30px\u00a0\u00bb border_width_all=\u00a0\u00bb30px\u00a0\u00bb border_color_all=\u00a0\u00bbRGBA(255,255,255,0)\u00a0\u00bb transparent_background=\u00a0\u00bboff\u00a0\u00bb make_fullwidth=\u00a0\u00bboff\u00a0\u00bb use_custom_width=\u00a0\u00bboff\u00a0\u00bb width_unit=\u00a0\u00bboff\u00a0\u00bb custom_width_px=\u00a0\u00bb1080px\u00a0\u00bb custom_width_percent=\u00a0\u00bb80%\u00a0\u00bb global_colors_info=\u00a0\u00bb{}\u00a0\u00bb][et_pb_row _builder_version=\u00a0\u00bb4.25.0&Prime; _module_preset=\u00a0\u00bbdefault\u00a0\u00bb custom_padding=\u00a0\u00bb3px|||||\u00a0\u00bb hover_enabled=\u00a0\u00bb0&Prime; global_colors_info=\u00a0\u00bb{}\u00a0\u00bb sticky_enabled=\u00a0\u00bb0&Prime;][et_pb_column type=\u00a0\u00bb4_4&Prime; _builder_version=\u00a0\u00bb4.25.0&Prime; _module_preset=\u00a0\u00bbdefault\u00a0\u00bb global_colors_info=\u00a0\u00bb{}\u00a0\u00bb][et_pb_text _builder_version=\u00a0\u00bb4.27.0&Prime; _module_preset=\u00a0\u00bbdefault\u00a0\u00bb text_text_color=\u00a0\u00bb#200a28&Prime; header_font=\u00a0\u00bb|700||on|||||\u00a0\u00bb header_text_align=\u00a0\u00bbleft\u00a0\u00bb header_text_color=\u00a0\u00bb#000000&Prime; header_font_size=\u00a0\u00bb55px\u00a0\u00bb header_line_height=\u00a0\u00bb1.5em\u00a0\u00bb hover_enabled=\u00a0\u00bb0&Prime; global_colors_info=\u00a0\u00bb{}\u00a0\u00bb sticky_enabled=\u00a0\u00bb0&Prime;]<\/p>\n<h1 style=\"text-align: left;\">BLOG<\/h1>\n<p>[\/et_pb_text][\/et_pb_column][\/et_pb_row][et_pb_row use_custom_gutter=\u00a0\u00bbon\u00a0\u00bb module_id=\u00a0\u00bbimgblog\u00a0\u00bb module_class=\u00a0\u00bb et_pb_row_fullwidth\u00a0\u00bb _builder_version=\u00a0\u00bb4.27.0&Prime; background_color=\u00a0\u00bbRGBA(255,255,255,0)\u00a0\u00bb width=\u00a0\u00bb89%\u00a0\u00bb width_tablet=\u00a0\u00bb80%\u00a0\u00bb width_phone=\u00a0\u00bb80%\u00a0\u00bb width_last_edited=\u00a0\u00bbon|desktop\u00a0\u00bb max_width=\u00a0\u00bb89%\u00a0\u00bb max_width_tablet=\u00a0\u00bb80%\u00a0\u00bb max_width_phone=\u00a0\u00bb80%\u00a0\u00bb max_width_last_edited=\u00a0\u00bbon|desktop\u00a0\u00bb custom_padding=\u00a0\u00bb0px|0px|0px|0px\u00a0\u00bb hover_enabled=\u00a0\u00bb0&Prime; make_fullwidth=\u00a0\u00bbon\u00a0\u00bb use_custom_width=\u00a0\u00bboff\u00a0\u00bb width_unit=\u00a0\u00bboff\u00a0\u00bb custom_width_px=\u00a0\u00bb1080px\u00a0\u00bb custom_width_percent=\u00a0\u00bb80%\u00a0\u00bb global_colors_info=\u00a0\u00bb{}\u00a0\u00bb sticky_enabled=\u00a0\u00bb0&Prime;][et_pb_column type=\u00a0\u00bb4_4&Prime; _builder_version=\u00a0\u00bb4.27.0&Prime; custom_padding=\u00a0\u00bb|||\u00a0\u00bb global_colors_info=\u00a0\u00bb{}\u00a0\u00bb custom_padding__hover=\u00a0\u00bb|||\u00a0\u00bb][et_pb_blog fullwidth=\u00a0\u00bboff\u00a0\u00bb include_categories=\u00a0\u00bball,1,18,current\u00a0\u00bb excerpt_length=\u00a0\u00bb200&Prime; show_more=\u00a0\u00bbon\u00a0\u00bb show_author=\u00a0\u00bboff\u00a0\u00bb show_date=\u00a0\u00bboff\u00a0\u00bb show_pagination=\u00a0\u00bboff\u00a0\u00bb masonry_tile_background_color=\u00a0\u00bb#ffffff\u00a0\u00bb _builder_version=\u00a0\u00bb4.27.0&Prime; header_font=\u00a0\u00bb||||||||\u00a0\u00bb header_text_color=\u00a0\u00bb#000000&Prime; body_text_color=\u00a0\u00bb#000000&Prime; meta_font=\u00a0\u00bb|600|||||||\u00a0\u00bb meta_text_color=\u00a0\u00bb#200a28&Prime; read_more_font=\u00a0\u00bb|700|||on|||#000000|solid\u00a0\u00bb read_more_text_color=\u00a0\u00bb#000000&Prime; hover_enabled=\u00a0\u00bb0&Prime; border_color_all=\u00a0\u00bbRGBA(255,255,255,0)\u00a0\u00bb border_radii_image=\u00a0\u00bbon|15px|15px|15px|15px\u00a0\u00bb use_border_color=\u00a0\u00bboff\u00a0\u00bb border_color=\u00a0\u00bb#ffffff\u00a0\u00bb border_width=\u00a0\u00bb1px\u00a0\u00bb border_style=\u00a0\u00bbsolid\u00a0\u00bb use_dropshadow=\u00a0\u00bboff\u00a0\u00bb global_colors_info=\u00a0\u00bb{}\u00a0\u00bb sticky_enabled=\u00a0\u00bb0&Prime; header_text_align=\u00a0\u00bbleft\u00a0\u00bb][\/et_pb_blog][\/et_pb_column][\/et_pb_row][\/et_pb_section]<\/p>","protected":false},"excerpt":{"rendered":"<p>BLOG<\/p>","protected":false},"author":1,"featured_media":0,"parent":0,"menu_order":0,"comment_status":"closed","ping_status":"closed","template":"","meta":{"_et_pb_use_builder":"on","_et_pb_old_content":"","_et_gb_content_width":"","footnotes":""},"class_list":["post-43","page","type-page","status-publish","hentry"],"yoast_head":"<!-- This site is optimized with the Yoast SEO plugin v23.3 - https:\/\/yoast.com\/wordpress\/plugins\/seo\/ -->\n<title>BLOG - Audrey Csikos<\/title>\n<meta name=\"description\" content=\"D\u00e9couvrez les articles concernant diff\u00e9rents projets ou sujets qui m&#039;int\u00e9ressent.D\u00e9couvrez des \u00e9tudes de cas sur l&#039;am\u00e9lioration de l&#039;exp\u00e9rience utilisateur, la gamification, l&#039;eyetracking, et bien plus encore.\" \/>\n<meta name=\"robots\" content=\"index, follow, max-snippet:-1, max-image-preview:large, max-video-preview:-1\" \/>\n<link rel=\"canonical\" href=\"https:\/\/audreycsikos.ch\/en\/blog\/\" \/>\n<meta property=\"og:locale\" content=\"en_US\" \/>\n<meta property=\"og:type\" content=\"article\" \/>\n<meta property=\"og:title\" content=\"BLOG - Audrey Csikos\" \/>\n<meta property=\"og:description\" content=\"D\u00e9couvrez les articles concernant diff\u00e9rents projets ou sujets qui m&#039;int\u00e9ressent.D\u00e9couvrez des \u00e9tudes de cas sur l&#039;am\u00e9lioration de l&#039;exp\u00e9rience utilisateur, la gamification, l&#039;eyetracking, et bien plus encore.\" \/>\n<meta property=\"og:url\" content=\"https:\/\/audreycsikos.ch\/en\/blog\/\" \/>\n<meta property=\"og:site_name\" content=\"Audrey Csikos\" \/>\n<meta property=\"article:modified_time\" content=\"2025-02-24T22:33:33+00:00\" \/>\n<meta name=\"twitter:card\" content=\"summary_large_image\" \/>\n<meta name=\"twitter:label1\" content=\"Est. reading time\" \/>\n\t<meta name=\"twitter:data1\" content=\"2 minutes\" \/>\n<script type=\"application\/ld+json\" class=\"yoast-schema-graph\">{\"@context\":\"https:\/\/schema.org\",\"@graph\":[{\"@type\":\"WebPage\",\"@id\":\"https:\/\/audreycsikos.ch\/blog\/\",\"url\":\"https:\/\/audreycsikos.ch\/blog\/\",\"name\":\"BLOG - Audrey Csikos\",\"isPartOf\":{\"@id\":\"https:\/\/audreycsikos.ch\/#website\"},\"datePublished\":\"2024-06-16T07:17:00+00:00\",\"dateModified\":\"2025-02-24T22:33:33+00:00\",\"description\":\"D\u00e9couvrez les articles concernant diff\u00e9rents projets ou sujets qui m'int\u00e9ressent.D\u00e9couvrez des \u00e9tudes de cas sur l'am\u00e9lioration de l'exp\u00e9rience utilisateur, la gamification, l'eyetracking, et bien plus encore.\",\"breadcrumb\":{\"@id\":\"https:\/\/audreycsikos.ch\/blog\/#breadcrumb\"},\"inLanguage\":\"en-US\",\"potentialAction\":[{\"@type\":\"ReadAction\",\"target\":[\"https:\/\/audreycsikos.ch\/blog\/\"]}]},{\"@type\":\"BreadcrumbList\",\"@id\":\"https:\/\/audreycsikos.ch\/blog\/#breadcrumb\",\"itemListElement\":[{\"@type\":\"ListItem\",\"position\":1,\"name\":\"Accueil\",\"item\":\"https:\/\/audreycsikos.ch\/\"},{\"@type\":\"ListItem\",\"position\":2,\"name\":\"BLOG\"}]},{\"@type\":\"WebSite\",\"@id\":\"https:\/\/audreycsikos.ch\/#website\",\"url\":\"https:\/\/audreycsikos.ch\/\",\"name\":\"Audrey Csikos\",\"description\":\"\",\"publisher\":{\"@id\":\"https:\/\/audreycsikos.ch\/#\/schema\/person\/56de2a3a1ffbd4a94c1a0866f0bae910\"},\"potentialAction\":[{\"@type\":\"SearchAction\",\"target\":{\"@type\":\"EntryPoint\",\"urlTemplate\":\"https:\/\/audreycsikos.ch\/?s={search_term_string}\"},\"query-input\":\"required name=search_term_string\"}],\"inLanguage\":\"en-US\"},{\"@type\":[\"Person\",\"Organization\"],\"@id\":\"https:\/\/audreycsikos.ch\/#\/schema\/person\/56de2a3a1ffbd4a94c1a0866f0bae910\",\"name\":\"audrey.csikos@gmail.com\",\"image\":{\"@type\":\"ImageObject\",\"inLanguage\":\"en-US\",\"@id\":\"https:\/\/audreycsikos.ch\/#\/schema\/person\/image\/\",\"url\":\"https:\/\/secure.gravatar.com\/avatar\/a51080fd6dc83bcad773d0356074e5acd21b1bda6361977d24a60d15ebae59bd?s=96&d=mm&r=g\",\"contentUrl\":\"https:\/\/secure.gravatar.com\/avatar\/a51080fd6dc83bcad773d0356074e5acd21b1bda6361977d24a60d15ebae59bd?s=96&d=mm&r=g\",\"caption\":\"audrey.csikos@gmail.com\"},\"logo\":{\"@id\":\"https:\/\/audreycsikos.ch\/#\/schema\/person\/image\/\"},\"sameAs\":[\"https:\/\/audreycsikos.ch\",\"https:\/\/www.linkedin.com\/in\/audreycsikos\/\"]}]}<\/script>\n<!-- \/ Yoast SEO plugin. -->","yoast_head_json":{"title":"BLOG - Audrey Csikos","description":"D\u00e9couvrez les articles concernant diff\u00e9rents projets ou sujets qui m'int\u00e9ressent.D\u00e9couvrez des \u00e9tudes de cas sur l'am\u00e9lioration de l'exp\u00e9rience utilisateur, la gamification, l'eyetracking, et bien plus encore.","robots":{"index":"index","follow":"follow","max-snippet":"max-snippet:-1","max-image-preview":"max-image-preview:large","max-video-preview":"max-video-preview:-1"},"canonical":"https:\/\/audreycsikos.ch\/en\/blog\/","og_locale":"en_US","og_type":"article","og_title":"BLOG - Audrey Csikos","og_description":"D\u00e9couvrez les articles concernant diff\u00e9rents projets ou sujets qui m'int\u00e9ressent.D\u00e9couvrez des \u00e9tudes de cas sur l'am\u00e9lioration de l'exp\u00e9rience utilisateur, la gamification, l'eyetracking, et bien plus encore.","og_url":"https:\/\/audreycsikos.ch\/en\/blog\/","og_site_name":"Audrey Csikos","article_modified_time":"2025-02-24T22:33:33+00:00","twitter_card":"summary_large_image","twitter_misc":{"Est. reading time":"2 minutes"},"schema":{"@context":"https:\/\/schema.org","@graph":[{"@type":"WebPage","@id":"https:\/\/audreycsikos.ch\/blog\/","url":"https:\/\/audreycsikos.ch\/blog\/","name":"BLOG - Audrey Csikos","isPartOf":{"@id":"https:\/\/audreycsikos.ch\/#website"},"datePublished":"2024-06-16T07:17:00+00:00","dateModified":"2025-02-24T22:33:33+00:00","description":"D\u00e9couvrez les articles concernant diff\u00e9rents projets ou sujets qui m'int\u00e9ressent.D\u00e9couvrez des \u00e9tudes de cas sur l'am\u00e9lioration de l'exp\u00e9rience utilisateur, la gamification, l'eyetracking, et bien plus encore.","breadcrumb":{"@id":"https:\/\/audreycsikos.ch\/blog\/#breadcrumb"},"inLanguage":"en-US","potentialAction":[{"@type":"ReadAction","target":["https:\/\/audreycsikos.ch\/blog\/"]}]},{"@type":"BreadcrumbList","@id":"https:\/\/audreycsikos.ch\/blog\/#breadcrumb","itemListElement":[{"@type":"ListItem","position":1,"name":"Accueil","item":"https:\/\/audreycsikos.ch\/"},{"@type":"ListItem","position":2,"name":"BLOG"}]},{"@type":"WebSite","@id":"https:\/\/audreycsikos.ch\/#website","url":"https:\/\/audreycsikos.ch\/","name":"Audrey Csikos","description":"","publisher":{"@id":"https:\/\/audreycsikos.ch\/#\/schema\/person\/56de2a3a1ffbd4a94c1a0866f0bae910"},"potentialAction":[{"@type":"SearchAction","target":{"@type":"EntryPoint","urlTemplate":"https:\/\/audreycsikos.ch\/?s={search_term_string}"},"query-input":"required name=search_term_string"}],"inLanguage":"en-US"},{"@type":["Person","Organization"],"@id":"https:\/\/audreycsikos.ch\/#\/schema\/person\/56de2a3a1ffbd4a94c1a0866f0bae910","name":"audrey.csikos@gmail.com","image":{"@type":"ImageObject","inLanguage":"en-US","@id":"https:\/\/audreycsikos.ch\/#\/schema\/person\/image\/","url":"https:\/\/secure.gravatar.com\/avatar\/a51080fd6dc83bcad773d0356074e5acd21b1bda6361977d24a60d15ebae59bd?s=96&d=mm&r=g","contentUrl":"https:\/\/secure.gravatar.com\/avatar\/a51080fd6dc83bcad773d0356074e5acd21b1bda6361977d24a60d15ebae59bd?s=96&d=mm&r=g","caption":"audrey.csikos@gmail.com"},"logo":{"@id":"https:\/\/audreycsikos.ch\/#\/schema\/person\/image\/"},"sameAs":["https:\/\/audreycsikos.ch","https:\/\/www.linkedin.com\/in\/audreycsikos\/"]}]}},"_links":{"self":[{"href":"https:\/\/audreycsikos.ch\/en\/wp-json\/wp\/v2\/pages\/43","targetHints":{"allow":["GET"]}}],"collection":[{"href":"https:\/\/audreycsikos.ch\/en\/wp-json\/wp\/v2\/pages"}],"about":[{"href":"https:\/\/audreycsikos.ch\/en\/wp-json\/wp\/v2\/types\/page"}],"author":[{"embeddable":true,"href":"https:\/\/audreycsikos.ch\/en\/wp-json\/wp\/v2\/users\/1"}],"replies":[{"embeddable":true,"href":"https:\/\/audreycsikos.ch\/en\/wp-json\/wp\/v2\/comments?post=43"}],"version-history":[{"count":15,"href":"https:\/\/audreycsikos.ch\/en\/wp-json\/wp\/v2\/pages\/43\/revisions"}],"predecessor-version":[{"id":29777,"href":"https:\/\/audreycsikos.ch\/en\/wp-json\/wp\/v2\/pages\/43\/revisions\/29777"}],"wp:attachment":[{"href":"https:\/\/audreycsikos.ch\/en\/wp-json\/wp\/v2\/media?parent=43"}],"curies":[{"name":"wp","href":"https:\/\/api.w.org\/{rel}","templated":true}]}}